{"id":5548,"date":"2025-05-06T10:28:26","date_gmt":"2025-05-06T10:28:26","guid":{"rendered":"https:\/\/teddystudio.ee\/?post_type=product&#038;p=5548"},"modified":"2026-04-08T22:10:14","modified_gmt":"2026-04-08T22:10:14","slug":"daydream-holmikpluus-khaki","status":"publish","type":"product","link":"https:\/\/teddystudio.ee\/en\/product\/daydream-holmikpluus-khaki\/","title":{"rendered":"Daydream Wrap Blouse, khaki"},"content":{"rendered":"<div data-elementor-type=\"wp-post\" data-elementor-id=\"5548\" class=\"elementor elementor-5548\" data-elementor-post-type=\"product\">\n\t\t\t\t\t\t<section class=\"elementor-section elementor-top-section elementor-element elementor-element-9cb3d8a elementor-section-content-middle elementor-section-boxed elementor-section-height-default elementor-section-height-default\" data-id=\"9cb3d8a\" data-element_type=\"section\" data-e-type=\"section\">\n\t\t\t\t\t\t<div class=\"elementor-container elementor-column-gap-no\">\n\t\t\t\t\t<div class=\"elementor-column elementor-col-50 elementor-top-column elementor-element elementor-element-7265b8f\" data-id=\"7265b8f\" data-element_type=\"column\" data-e-type=\"column\">\n\t\t\t<div class=\"elementor-widget-wrap elementor-element-populated\">\n\t\t\t\t\t\t<div class=\"elementor-element elementor-element-3fc7a28 elementor-widget elementor-widget-image\" data-id=\"3fc7a28\" data-element_type=\"widget\" data-e-type=\"widget\" data-widget_type=\"image.default\">\n\t\t\t\t<div class=\"elementor-widget-container\">\n\t\t\t\t\t\t\t\t\t\t\t\t\t\t\t<img loading=\"lazy\" decoding=\"async\" width=\"726\" height=\"387\" src=\"https:\/\/teddystudio.ee\/wp-content\/uploads\/2025\/05\/Khaki-musliin.jpg\" class=\"attachment-full size-full wp-image-5422\" alt=\"\" srcset=\"https:\/\/teddystudio.ee\/wp-content\/uploads\/2025\/05\/Khaki-musliin.jpg 726w, https:\/\/teddystudio.ee\/wp-content\/uploads\/2025\/05\/Khaki-musliin-600x320.jpg 600w, https:\/\/teddystudio.ee\/wp-content\/uploads\/2025\/05\/Khaki-musliin-300x160.jpg 300w, https:\/\/teddystudio.ee\/wp-content\/uploads\/2025\/05\/Khaki-musliin-18x10.jpg 18w, https:\/\/teddystudio.ee\/wp-content\/uploads\/2025\/05\/Khaki-musliin-3x2.jpg 3w, https:\/\/teddystudio.ee\/wp-content\/uploads\/2025\/05\/Khaki-musliin-10x5.jpg 10w\" sizes=\"auto, (max-width: 726px) 100vw, 726px\" \/>\t\t\t\t\t\t\t\t\t\t\t\t\t\t\t<\/div>\n\t\t\t\t<\/div>\n\t\t\t\t\t<\/div>\n\t\t<\/div>\n\t\t\t\t<div class=\"elementor-column elementor-col-50 elementor-top-column elementor-element elementor-element-086911c\" data-id=\"086911c\" data-element_type=\"column\" data-e-type=\"column\">\n\t\t\t<div class=\"elementor-widget-wrap elementor-element-populated\">\n\t\t\t\t\t\t<div class=\"elementor-element elementor-element-980ca08 elementor-widget elementor-widget-heading\" data-id=\"980ca08\" data-element_type=\"widget\" data-e-type=\"widget\" data-widget_type=\"heading.default\">\n\t\t\t\t<div class=\"elementor-widget-container\">\n\t\t\t\t\t<h2 class=\"elementor-heading-title elementor-size-default\">Material<\/h2>\t\t\t\t<\/div>\n\t\t\t\t<\/div>\n\t\t\t\t<div class=\"elementor-element elementor-element-afc925a elementor-widget-divider--view-line elementor-widget elementor-widget-divider\" data-id=\"afc925a\" data-element_type=\"widget\" data-e-type=\"widget\" data-widget_type=\"divider.default\">\n\t\t\t\t<div class=\"elementor-widget-container\">\n\t\t\t\t\t\t\t<div class=\"elementor-divider\">\n\t\t\t<span class=\"elementor-divider-separator\">\n\t\t\t\t\t\t<\/span>\n\t\t<\/div>\n\t\t\t\t\t\t<\/div>\n\t\t\t\t<\/div>\n\t\t\t\t<div class=\"elementor-element elementor-element-f33ddcb elementor-widget elementor-widget-text-editor\" data-id=\"f33ddcb\" data-element_type=\"widget\" data-e-type=\"widget\" data-widget_type=\"text-editor.default\">\n\t\t\t\t<div class=\"elementor-widget-container\">\n\t\t\t\t\t\t\t\t\t<p>Certificate: Oeko-Tex Standard 100 Product class I<\/p><p>Fabric weight: 130g\/m<br \/>Fabric composition: 100% cotton<\/p><p>The slightly crinkled texture of muslin gives it a relaxed, natural look that requires no ironing and always feels effortlessly chic. Its natural composition and body-adapting texture make this fabric a true favorite for everyday wear.<\/p>\t\t\t\t\t\t\t\t<\/div>\n\t\t\t\t<\/div>\n\t\t\t\t<div class=\"elementor-element elementor-element-88b48ea elementor-widget elementor-widget-image\" data-id=\"88b48ea\" data-element_type=\"widget\" data-e-type=\"widget\" data-widget_type=\"image.default\">\n\t\t\t\t<div class=\"elementor-widget-container\">\n\t\t\t\t\t\t\t\t\t\t\t\t\t\t\t<img loading=\"lazy\" decoding=\"async\" width=\"300\" height=\"74\" src=\"https:\/\/teddystudio.ee\/wp-content\/uploads\/2025\/05\/Musliinkanga-hooldusjuhised-300x74.jpg\" class=\"attachment-medium size-medium wp-image-5436\" alt=\"\" srcset=\"https:\/\/teddystudio.ee\/wp-content\/uploads\/2025\/05\/Musliinkanga-hooldusjuhised-300x74.jpg 300w, https:\/\/teddystudio.ee\/wp-content\/uploads\/2025\/05\/Musliinkanga-hooldusjuhised-18x4.jpg 18w, https:\/\/teddystudio.ee\/wp-content\/uploads\/2025\/05\/Musliinkanga-hooldusjuhised-3x1.jpg 3w, https:\/\/teddystudio.ee\/wp-content\/uploads\/2025\/05\/Musliinkanga-hooldusjuhised-10x2.jpg 10w, https:\/\/teddystudio.ee\/wp-content\/uploads\/2025\/05\/Musliinkanga-hooldusjuhised.jpg 470w\" sizes=\"auto, (max-width: 300px) 100vw, 300px\" \/>\t\t\t\t\t\t\t\t\t\t\t\t\t\t\t<\/div>\n\t\t\t\t<\/div>\n\t\t\t\t\t<\/div>\n\t\t<\/div>\n\t\t\t\t\t<\/div>\n\t\t<\/section>\n\t\t<div class=\"elementor-element elementor-element-68ed004 e-flex e-con-boxed e-con e-parent\" data-id=\"68ed004\" data-element_type=\"container\" data-e-type=\"container\">\n\t\t\t\t\t<div class=\"e-con-inner\">\n\t\t\t\t\t<\/div>\n\t\t\t\t<\/div>\n\t\t<div class=\"elementor-element elementor-element-c46be02 e-flex e-con-boxed e-con e-parent\" data-id=\"c46be02\" data-element_type=\"container\" data-e-type=\"container\">\n\t\t\t\t\t<div class=\"e-con-inner\">\n\t\t\t\t\t<\/div>\n\t\t\t\t<\/div>\n\t\t\t\t<section class=\"elementor-section elementor-top-section elementor-element elementor-element-d870d32 elementor-section-boxed elementor-section-height-default elementor-section-height-default\" data-id=\"d870d32\" data-element_type=\"section\" data-e-type=\"section\">\n\t\t\t\t\t\t<div class=\"elementor-container elementor-column-gap-no\">\n\t\t\t\t\t<div class=\"elementor-column elementor-col-33 elementor-top-column elementor-element elementor-element-d612592\" data-id=\"d612592\" data-element_type=\"column\" data-e-type=\"column\">\n\t\t\t<div class=\"elementor-widget-wrap elementor-element-populated\">\n\t\t\t\t\t\t<div class=\"elementor-element elementor-element-f56ae2a elementor-widget elementor-widget-heading\" data-id=\"f56ae2a\" data-element_type=\"widget\" data-e-type=\"widget\" data-widget_type=\"heading.default\">\n\t\t\t\t<div class=\"elementor-widget-container\">\n\t\t\t\t\t<h2 class=\"elementor-heading-title elementor-size-default\">PRODUCT DETAILS<\/h2>\t\t\t\t<\/div>\n\t\t\t\t<\/div>\n\t\t\t\t<div class=\"elementor-element elementor-element-c811f48 elementor-widget-divider--view-line elementor-widget elementor-widget-divider\" data-id=\"c811f48\" data-element_type=\"widget\" data-e-type=\"widget\" data-widget_type=\"divider.default\">\n\t\t\t\t<div class=\"elementor-widget-container\">\n\t\t\t\t\t\t\t<div class=\"elementor-divider\">\n\t\t\t<span class=\"elementor-divider-separator\">\n\t\t\t\t\t\t<\/span>\n\t\t<\/div>\n\t\t\t\t\t\t<\/div>\n\t\t\t\t<\/div>\n\t\t\t\t<div class=\"elementor-element elementor-element-1488069 elementor-widget__width-initial elementor-icon-list--layout-traditional elementor-list-item-link-full_width elementor-widget elementor-widget-icon-list\" data-id=\"1488069\" data-element_type=\"widget\" data-e-type=\"widget\" data-widget_type=\"icon-list.default\">\n\t\t\t\t<div class=\"elementor-widget-container\">\n\t\t\t\t\t\t\t<ul class=\"elementor-icon-list-items\">\n\t\t\t\t\t\t\t<li class=\"elementor-icon-list-item\">\n\t\t\t\t\t\t\t\t\t\t<span class=\"elementor-icon-list-text\">Smart design<\/span>\n\t\t\t\t\t\t\t\t\t<\/li>\n\t\t\t\t\t\t\t\t<li class=\"elementor-icon-list-item\">\n\t\t\t\t\t\t\t\t\t\t<span class=\"elementor-icon-list-text\">Pre-attached tie closures<\/span>\n\t\t\t\t\t\t\t\t\t<\/li>\n\t\t\t\t\t\t\t\t<li class=\"elementor-icon-list-item\">\n\t\t\t\t\t\t\t\t\t\t<span class=\"elementor-icon-list-text\">Elegantly draped long sleeves<\/span>\n\t\t\t\t\t\t\t\t\t<\/li>\n\t\t\t\t\t\t<\/ul>\n\t\t\t\t\t\t<\/div>\n\t\t\t\t<\/div>\n\t\t\t\t\t<\/div>\n\t\t<\/div>\n\t\t\t\t<div class=\"elementor-column elementor-col-33 elementor-top-column elementor-element elementor-element-980e5f2\" data-id=\"980e5f2\" data-element_type=\"column\" data-e-type=\"column\">\n\t\t\t<div class=\"elementor-widget-wrap elementor-element-populated\">\n\t\t\t\t\t\t<div class=\"elementor-element elementor-element-83f9f85 elementor-widget elementor-widget-heading\" data-id=\"83f9f85\" data-element_type=\"widget\" data-e-type=\"widget\" data-widget_type=\"heading.default\">\n\t\t\t\t<div class=\"elementor-widget-container\">\n\t\t\t\t\t<h2 class=\"elementor-heading-title elementor-size-default\">SIZE &amp; FIT<\/h2>\t\t\t\t<\/div>\n\t\t\t\t<\/div>\n\t\t\t\t<div class=\"elementor-element elementor-element-d11ee5a elementor-widget-divider--view-line elementor-widget elementor-widget-divider\" data-id=\"d11ee5a\" data-element_type=\"widget\" data-e-type=\"widget\" data-widget_type=\"divider.default\">\n\t\t\t\t<div class=\"elementor-widget-container\">\n\t\t\t\t\t\t\t<div class=\"elementor-divider\">\n\t\t\t<span class=\"elementor-divider-separator\">\n\t\t\t\t\t\t<\/span>\n\t\t<\/div>\n\t\t\t\t\t\t<\/div>\n\t\t\t\t<\/div>\n\t\t\t\t<div class=\"elementor-element elementor-element-1611c67 elementor-widget elementor-widget-button\" data-id=\"1611c67\" data-element_type=\"widget\" data-e-type=\"widget\" data-widget_type=\"button.default\">\n\t\t\t\t<div class=\"elementor-widget-container\">\n\t\t\t\t\t\t\t\t\t<div class=\"elementor-button-wrapper\">\n\t\t\t\t\t<a class=\"elementor-button elementor-button-link elementor-size-sm\" href=\"https:\/\/teddystudio.ee\/wp-content\/uploads\/2025\/05\/Daydream-musliinkomplektid-1.jpg\">\n\t\t\t\t\t\t<span class=\"elementor-button-content-wrapper\">\n\t\t\t\t\t\t\t\t\t<span class=\"elementor-button-text\">Size guide<\/span>\n\t\t\t\t\t<\/span>\n\t\t\t\t\t<\/a>\n\t\t\t\t<\/div>\n\t\t\t\t\t\t\t\t<\/div>\n\t\t\t\t<\/div>\n\t\t\t\t<div class=\"elementor-element elementor-element-2095c9a elementor-icon-list--layout-traditional elementor-list-item-link-full_width elementor-widget elementor-widget-icon-list\" data-id=\"2095c9a\" data-element_type=\"widget\" data-e-type=\"widget\" data-widget_type=\"icon-list.default\">\n\t\t\t\t<div class=\"elementor-widget-container\">\n\t\t\t\t\t\t\t<ul class=\"elementor-icon-list-items\">\n\t\t\t\t\t\t\t<li class=\"elementor-icon-list-item\">\n\t\t\t\t\t\t\t\t\t\t<span class=\"elementor-icon-list-text\">Model height: 167cm<\/span>\n\t\t\t\t\t\t\t\t\t<\/li>\n\t\t\t\t\t\t\t\t<li class=\"elementor-icon-list-item\">\n\t\t\t\t\t\t\t\t\t\t<span class=\"elementor-icon-list-text\">Model is wearing size: S\/M<\/span>\n\t\t\t\t\t\t\t\t\t<\/li>\n\t\t\t\t\t\t<\/ul>\n\t\t\t\t\t\t<\/div>\n\t\t\t\t<\/div>\n\t\t\t\t\t<\/div>\n\t\t<\/div>\n\t\t\t\t<div class=\"elementor-column elementor-col-33 elementor-top-column elementor-element elementor-element-dcb8ef2\" data-id=\"dcb8ef2\" data-element_type=\"column\" data-e-type=\"column\">\n\t\t\t<div class=\"elementor-widget-wrap elementor-element-populated\">\n\t\t\t\t\t\t<div class=\"elementor-element elementor-element-838fa93 elementor-widget elementor-widget-heading\" data-id=\"838fa93\" data-element_type=\"widget\" data-e-type=\"widget\" data-widget_type=\"heading.default\">\n\t\t\t\t<div class=\"elementor-widget-container\">\n\t\t\t\t\t<h2 class=\"elementor-heading-title elementor-size-default\">ABOUT ME<\/h2>\t\t\t\t<\/div>\n\t\t\t\t<\/div>\n\t\t\t\t<div class=\"elementor-element elementor-element-3fc3920 elementor-widget-divider--view-line elementor-widget elementor-widget-divider\" data-id=\"3fc3920\" data-element_type=\"widget\" data-e-type=\"widget\" data-widget_type=\"divider.default\">\n\t\t\t\t<div class=\"elementor-widget-container\">\n\t\t\t\t\t\t\t<div class=\"elementor-divider\">\n\t\t\t<span class=\"elementor-divider-separator\">\n\t\t\t\t\t\t<\/span>\n\t\t<\/div>\n\t\t\t\t\t\t<\/div>\n\t\t\t\t<\/div>\n\t\t\t\t<div class=\"elementor-element elementor-element-5d11311 elementor-icon-list--layout-traditional elementor-list-item-link-full_width elementor-widget elementor-widget-icon-list\" data-id=\"5d11311\" data-element_type=\"widget\" data-e-type=\"widget\" data-widget_type=\"icon-list.default\">\n\t\t\t\t<div class=\"elementor-widget-container\">\n\t\t\t\t\t\t\t<ul class=\"elementor-icon-list-items\">\n\t\t\t\t\t\t\t<li class=\"elementor-icon-list-item\">\n\t\t\t\t\t\t\t\t\t\t<span class=\"elementor-icon-list-text\">Timeless and elegant design<\/span>\n\t\t\t\t\t\t\t\t\t<\/li>\n\t\t\t\t\t\t\t\t<li class=\"elementor-icon-list-item\">\n\t\t\t\t\t\t\t\t\t\t<span class=\"elementor-icon-list-text\">Neutral tones<\/span>\n\t\t\t\t\t\t\t\t\t<\/li>\n\t\t\t\t\t\t\t\t<li class=\"elementor-icon-list-item\">\n\t\t\t\t\t\t\t\t\t\t<span class=\"elementor-icon-list-text\">Easily paired with other garments<\/span>\n\t\t\t\t\t\t\t\t\t<\/li>\n\t\t\t\t\t\t<\/ul>\n\t\t\t\t\t\t<\/div>\n\t\t\t\t<\/div>\n\t\t\t\t\t<\/div>\n\t\t<\/div>\n\t\t\t\t\t<\/div>\n\t\t<\/section>\n\t\t<div class=\"elementor-element elementor-element-5ecc3f7 e-flex e-con-boxed e-con e-parent\" data-id=\"5ecc3f7\" data-element_type=\"container\" data-e-type=\"container\">\n\t\t\t\t\t<div class=\"e-con-inner\">\n\t\t\t\t\t<\/div>\n\t\t\t\t<\/div>\n\t\t<div class=\"elementor-element elementor-element-5b3b9b8 e-flex e-con-boxed e-con e-parent\" data-id=\"5b3b9b8\" data-element_type=\"container\" data-e-type=\"container\">\n\t\t\t\t\t<div class=\"e-con-inner\">\n\t\t\t\t\t<\/div>\n\t\t\t\t<\/div>\n\t\t<div class=\"elementor-element elementor-element-0b57cdc e-flex e-con-boxed e-con e-parent\" data-id=\"0b57cdc\" data-element_type=\"container\" data-e-type=\"container\">\n\t\t\t\t\t<div class=\"e-con-inner\">\n\t\t\t\t\t<\/div>\n\t\t\t\t<\/div>\n\t\t<div class=\"elementor-element elementor-element-d26e64a e-flex e-con-boxed e-con e-parent\" data-id=\"d26e64a\" data-element_type=\"container\" data-e-type=\"container\">\n\t\t\t\t\t<div class=\"e-con-inner\">\n\t\t\t\t\t<\/div>\n\t\t\t\t<\/div>\n\t\t<div class=\"elementor-element elementor-element-66ed022 e-flex e-con-boxed e-con e-parent\" data-id=\"66ed022\" data-element_type=\"container\" data-e-type=\"container\">\n\t\t\t\t\t<div class=\"e-con-inner\">\n\t\t\t\t\t<\/div>\n\t\t\t\t<\/div>\n\t\t<div class=\"elementor-element elementor-element-00c32b8 e-grid e-con-boxed e-con e-parent\" data-id=\"00c32b8\" data-element_type=\"container\" data-e-type=\"container\">\n\t\t\t\t\t<div class=\"e-con-inner\">\n\t\t\t\t\t<\/div>\n\t\t\t\t<\/div>\n\t\t<div class=\"elementor-element elementor-element-5749666 e-flex e-con-boxed e-con e-parent\" data-id=\"5749666\" data-element_type=\"container\" data-e-type=\"container\">\n\t\t\t\t\t<div class=\"e-con-inner\">\n\t\t\t\t\t<\/div>\n\t\t\t\t<\/div>\n\t\t<div class=\"elementor-element elementor-element-01915a6 e-flex e-con-boxed e-con e-parent\" data-id=\"01915a6\" data-element_type=\"container\" data-e-type=\"container\">\n\t\t\t\t\t<div class=\"e-con-inner\">\n\t\t\t\t\t<\/div>\n\t\t\t\t<\/div>\n\t\t\t\t<\/div>","protected":false},"excerpt":{"rendered":"<p><strong data-start=\"80\" data-end=\"116\">L\u00d5PUM\u00dc\u00dcK \u2013 viimased eksemplarid!<\/strong><br data-start=\"116\" data-end=\"119\" \/>Meie armastatud <strong data-start=\"135\" data-end=\"177\">musliinkomplekt khaki rohelises toonis<\/strong> on n\u00fc\u00fcd soodushinnaga, kuna nii see toon kui ka musliinkomplektid tervikuna teevad ruumi uuele hooajale. Kui oled seda piilunud, siis n\u00fc\u00fcd on viimane hetk.<\/p>\n<p>This muslin wrap blouse is designed for women who value comfort and smart design. Made from soft, breathable muslin, the blouse features elegantly draped long sleeves and pre-attached tie closures, ensuring the wrap stays perfectly in place all day. No constant adjusting\u2014just freedom of movement and a confident, effortless feel.<\/p>\n<p class=\"translation-block\">A special price applies when purchasing the set compared to the individual items.<\/p>","protected":false},"featured_media":6140,"template":"","meta":[],"etheme_brands":[],"product_brand":[],"product_cat":[61,69],"product_tag":[],"class_list":{"0":"post-5548","1":"product","2":"type-product","3":"status-publish","4":"has-post-thumbnail","6":"product_cat-pluusid","7":"product_cat-sale","8":"product_shipping_class-s","10":"first","11":"instock","12":"sale","13":"taxable","14":"shipping-taxable","15":"purchasable","16":"product-type-variable"},"bundled_by":["5574","6735"],"bundle_stock_status":"instock","bundle_stock_quantity":1,"bundle_virtual":false,"bundle_layout":"","bundle_add_to_cart_form_location":"","bundle_editable_in_cart":false,"bundle_sold_individually_context":"","bundle_item_grouping":"","bundle_min_size":"","bundle_max_size":"","bundle_price":[],"bundled_items":[],"bundle_sell_ids":[],"_links":{"self":[{"href":"https:\/\/teddystudio.ee\/en\/wp-json\/wp\/v2\/product\/5548","targetHints":{"allow":["GET"]}}],"collection":[{"href":"https:\/\/teddystudio.ee\/en\/wp-json\/wp\/v2\/product"}],"about":[{"href":"https:\/\/teddystudio.ee\/en\/wp-json\/wp\/v2\/types\/product"}],"version-history":[{"count":5,"href":"https:\/\/teddystudio.ee\/en\/wp-json\/wp\/v2\/product\/5548\/revisions"}],"predecessor-version":[{"id":16146,"href":"https:\/\/teddystudio.ee\/en\/wp-json\/wp\/v2\/product\/5548\/revisions\/16146"}],"wp:featuredmedia":[{"embeddable":true,"href":"https:\/\/teddystudio.ee\/en\/wp-json\/wp\/v2\/media\/6140"}],"wp:attachment":[{"href":"https:\/\/teddystudio.ee\/en\/wp-json\/wp\/v2\/media?parent=5548"}],"wp:term":[{"taxonomy":"brand","embeddable":true,"href":"https:\/\/teddystudio.ee\/en\/wp-json\/wp\/v2\/etheme_brands?post=5548"},{"taxonomy":"product_brand","embeddable":true,"href":"https:\/\/teddystudio.ee\/en\/wp-json\/wp\/v2\/product_brand?post=5548"},{"taxonomy":"product_cat","embeddable":true,"href":"https:\/\/teddystudio.ee\/en\/wp-json\/wp\/v2\/product_cat?post=5548"},{"taxonomy":"product_tag","embeddable":true,"href":"https:\/\/teddystudio.ee\/en\/wp-json\/wp\/v2\/product_tag?post=5548"}],"curies":[{"name":"wp","href":"https:\/\/api.w.org\/{rel}","templated":true}]}}