{"id":17782,"date":"2026-05-07T07:45:53","date_gmt":"2026-05-07T07:45:53","guid":{"rendered":"https:\/\/teddystudio.ee\/?post_type=product&#038;p=17782"},"modified":"2026-05-09T14:32:08","modified_gmt":"2026-05-09T14:32:08","slug":"sunday-linane-lastekleit-heleroosa","status":"publish","type":"product","link":"https:\/\/teddystudio.ee\/en\/product\/sunday-linane-lastekleit-heleroosa\/","title":{"rendered":"Sunday linane lastekleit, heleroosa"},"content":{"rendered":"<div data-elementor-type=\"wp-post\" data-elementor-id=\"17782\" class=\"elementor elementor-17782\" data-elementor-post-type=\"product\">\n\t\t\t\t\t\t<section class=\"elementor-section elementor-top-section elementor-element elementor-element-9cb3d8a elementor-section-content-middle elementor-section-boxed elementor-section-height-default elementor-section-height-default\" data-id=\"9cb3d8a\" data-element_type=\"section\" data-e-type=\"section\">\n\t\t\t\t\t\t<div class=\"elementor-container elementor-column-gap-no\">\n\t\t\t\t\t<div class=\"elementor-column elementor-col-50 elementor-top-column elementor-element elementor-element-7265b8f\" data-id=\"7265b8f\" data-element_type=\"column\" data-e-type=\"column\">\n\t\t\t<div class=\"elementor-widget-wrap elementor-element-populated\">\n\t\t\t\t\t\t<div class=\"elementor-element elementor-element-3fc7a28 elementor-widget elementor-widget-image\" data-id=\"3fc7a28\" data-element_type=\"widget\" data-e-type=\"widget\" data-widget_type=\"image.default\">\n\t\t\t\t<div class=\"elementor-widget-container\">\n\t\t\t\t\t\t\t\t\t\t\t\t\t\t\t<img loading=\"lazy\" decoding=\"async\" width=\"962\" height=\"586\" src=\"https:\/\/teddystudio.ee\/wp-content\/uploads\/2026\/05\/Heleroosa-linane.jpg\" class=\"attachment-full size-full wp-image-17963\" alt=\"\" srcset=\"https:\/\/teddystudio.ee\/wp-content\/uploads\/2026\/05\/Heleroosa-linane.jpg 962w, https:\/\/teddystudio.ee\/wp-content\/uploads\/2026\/05\/Heleroosa-linane-300x183.jpg 300w, https:\/\/teddystudio.ee\/wp-content\/uploads\/2026\/05\/Heleroosa-linane-768x468.jpg 768w, https:\/\/teddystudio.ee\/wp-content\/uploads\/2026\/05\/Heleroosa-linane-18x12.jpg 18w, https:\/\/teddystudio.ee\/wp-content\/uploads\/2026\/05\/Heleroosa-linane-600x365.jpg 600w, https:\/\/teddystudio.ee\/wp-content\/uploads\/2026\/05\/Heleroosa-linane-3x2.jpg 3w, https:\/\/teddystudio.ee\/wp-content\/uploads\/2026\/05\/Heleroosa-linane-10x6.jpg 10w\" sizes=\"auto, (max-width: 962px) 100vw, 962px\" \/>\t\t\t\t\t\t\t\t\t\t\t\t\t\t\t<\/div>\n\t\t\t\t<\/div>\n\t\t\t\t\t<\/div>\n\t\t<\/div>\n\t\t\t\t<div class=\"elementor-column elementor-col-50 elementor-top-column elementor-element elementor-element-086911c\" data-id=\"086911c\" data-element_type=\"column\" data-e-type=\"column\">\n\t\t\t<div class=\"elementor-widget-wrap elementor-element-populated\">\n\t\t\t\t\t\t<div class=\"elementor-element elementor-element-980ca08 elementor-widget elementor-widget-heading\" data-id=\"980ca08\" data-element_type=\"widget\" data-e-type=\"widget\" data-widget_type=\"heading.default\">\n\t\t\t\t<div class=\"elementor-widget-container\">\n\t\t\t\t\t<h2 class=\"elementor-heading-title elementor-size-default\">Material<\/h2>\t\t\t\t<\/div>\n\t\t\t\t<\/div>\n\t\t\t\t<div class=\"elementor-element elementor-element-afc925a elementor-widget-divider--view-line elementor-widget elementor-widget-divider\" data-id=\"afc925a\" data-element_type=\"widget\" data-e-type=\"widget\" data-widget_type=\"divider.default\">\n\t\t\t\t<div class=\"elementor-widget-container\">\n\t\t\t\t\t\t\t<div class=\"elementor-divider\">\n\t\t\t<span class=\"elementor-divider-separator\">\n\t\t\t\t\t\t<\/span>\n\t\t<\/div>\n\t\t\t\t\t\t<\/div>\n\t\t\t\t<\/div>\n\t\t\t\t<div class=\"elementor-element elementor-element-f33ddcb elementor-widget elementor-widget-text-editor\" data-id=\"f33ddcb\" data-element_type=\"widget\" data-e-type=\"widget\" data-widget_type=\"text-editor.default\">\n\t\t\t\t<div class=\"elementor-widget-container\">\n\t\t\t\t\t\t\t\t\t<p>Certificate: Oeko-Tex Standard 100 Product class I<\/p>\n<p>Fabric weight: 195 g\/m2<\/p><p>Fabric composition: 100% stonewashed linen<\/p><p>Stonewashed 100% linen fabric is luxuriously soft, breathable, and naturally cooling against the skin. Its matte, slightly crinkled texture creates a relaxed yet elegant impression.<\/p>\t\t\t\t\t\t\t\t<\/div>\n\t\t\t\t<\/div>\n\t\t\t\t<div class=\"elementor-element elementor-element-88b48ea elementor-widget elementor-widget-image\" data-id=\"88b48ea\" data-element_type=\"widget\" data-e-type=\"widget\" data-widget_type=\"image.default\">\n\t\t\t\t<div class=\"elementor-widget-container\">\n\t\t\t\t\t\t\t\t\t\t\t\t\t\t\t<img loading=\"lazy\" decoding=\"async\" width=\"300\" height=\"74\" src=\"https:\/\/teddystudio.ee\/wp-content\/uploads\/2025\/05\/Musliinkanga-hooldusjuhised-300x74.jpg\" class=\"attachment-medium size-medium wp-image-5436\" alt=\"\" srcset=\"https:\/\/teddystudio.ee\/wp-content\/uploads\/2025\/05\/Musliinkanga-hooldusjuhised-300x74.jpg 300w, https:\/\/teddystudio.ee\/wp-content\/uploads\/2025\/05\/Musliinkanga-hooldusjuhised-18x4.jpg 18w, https:\/\/teddystudio.ee\/wp-content\/uploads\/2025\/05\/Musliinkanga-hooldusjuhised-3x1.jpg 3w, https:\/\/teddystudio.ee\/wp-content\/uploads\/2025\/05\/Musliinkanga-hooldusjuhised-10x2.jpg 10w, https:\/\/teddystudio.ee\/wp-content\/uploads\/2025\/05\/Musliinkanga-hooldusjuhised.jpg 470w\" sizes=\"auto, (max-width: 300px) 100vw, 300px\" \/>\t\t\t\t\t\t\t\t\t\t\t\t\t\t\t<\/div>\n\t\t\t\t<\/div>\n\t\t\t\t\t<\/div>\n\t\t<\/div>\n\t\t\t\t\t<\/div>\n\t\t<\/section>\n\t\t<div class=\"elementor-element elementor-element-68ed004 e-flex e-con-boxed e-con e-parent\" data-id=\"68ed004\" data-element_type=\"container\" data-e-type=\"container\">\n\t\t\t\t\t<div class=\"e-con-inner\">\n\t\t\t\t\t<\/div>\n\t\t\t\t<\/div>\n\t\t<div class=\"elementor-element elementor-element-c46be02 e-flex e-con-boxed e-con e-parent\" data-id=\"c46be02\" data-element_type=\"container\" data-e-type=\"container\">\n\t\t\t\t\t<div class=\"e-con-inner\">\n\t\t\t\t\t<\/div>\n\t\t\t\t<\/div>\n\t\t\t\t<section class=\"elementor-section elementor-top-section elementor-element elementor-element-d870d32 elementor-section-boxed elementor-section-height-default elementor-section-height-default\" data-id=\"d870d32\" data-element_type=\"section\" data-e-type=\"section\">\n\t\t\t\t\t\t<div class=\"elementor-container elementor-column-gap-no\">\n\t\t\t\t\t<div class=\"elementor-column elementor-col-33 elementor-top-column elementor-element elementor-element-d612592\" data-id=\"d612592\" data-element_type=\"column\" data-e-type=\"column\">\n\t\t\t<div class=\"elementor-widget-wrap elementor-element-populated\">\n\t\t\t\t\t\t<div class=\"elementor-element elementor-element-f56ae2a elementor-widget elementor-widget-heading\" data-id=\"f56ae2a\" data-element_type=\"widget\" data-e-type=\"widget\" data-widget_type=\"heading.default\">\n\t\t\t\t<div class=\"elementor-widget-container\">\n\t\t\t\t\t<h2 class=\"elementor-heading-title elementor-size-default\">PRODUCT DETAILS<\/h2>\t\t\t\t<\/div>\n\t\t\t\t<\/div>\n\t\t\t\t<div class=\"elementor-element elementor-element-c811f48 elementor-widget-divider--view-line elementor-widget elementor-widget-divider\" data-id=\"c811f48\" data-element_type=\"widget\" data-e-type=\"widget\" data-widget_type=\"divider.default\">\n\t\t\t\t<div class=\"elementor-widget-container\">\n\t\t\t\t\t\t\t<div class=\"elementor-divider\">\n\t\t\t<span class=\"elementor-divider-separator\">\n\t\t\t\t\t\t<\/span>\n\t\t<\/div>\n\t\t\t\t\t\t<\/div>\n\t\t\t\t<\/div>\n\t\t\t\t<div class=\"elementor-element elementor-element-1488069 elementor-widget__width-initial elementor-icon-list--layout-traditional elementor-list-item-link-full_width elementor-widget elementor-widget-icon-list\" data-id=\"1488069\" data-element_type=\"widget\" data-e-type=\"widget\" data-widget_type=\"icon-list.default\">\n\t\t\t\t<div class=\"elementor-widget-container\">\n\t\t\t\t\t\t\t<ul class=\"elementor-icon-list-items\">\n\t\t\t\t\t\t\t<li class=\"elementor-icon-list-item\">\n\t\t\t\t\t\t\t\t\t\t<span class=\"elementor-icon-list-text\">Naturaalne ja hingav kangas<\/span>\n\t\t\t\t\t\t\t\t\t<\/li>\n\t\t\t\t\t\t\t\t<li class=\"elementor-icon-list-item\">\n\t\t\t\t\t\t\t\t\t\t<span class=\"elementor-icon-list-text\">Avara ja vaba l\u00f5ikega kleit<\/span>\n\t\t\t\t\t\t\t\t\t<\/li>\n\t\t\t\t\t\t\t\t<li class=\"elementor-icon-list-item\">\n\t\t\t\t\t\t\t\t\t\t<span class=\"elementor-icon-list-text\">Peidetud n\u00f6\u00f6birida<\/span>\n\t\t\t\t\t\t\t\t\t<\/li>\n\t\t\t\t\t\t<\/ul>\n\t\t\t\t\t\t<\/div>\n\t\t\t\t<\/div>\n\t\t\t\t\t<\/div>\n\t\t<\/div>\n\t\t\t\t<div class=\"elementor-column elementor-col-33 elementor-top-column elementor-element elementor-element-980e5f2\" data-id=\"980e5f2\" data-element_type=\"column\" data-e-type=\"column\">\n\t\t\t<div class=\"elementor-widget-wrap elementor-element-populated\">\n\t\t\t\t\t\t<div class=\"elementor-element elementor-element-83f9f85 elementor-widget elementor-widget-heading\" data-id=\"83f9f85\" data-element_type=\"widget\" data-e-type=\"widget\" data-widget_type=\"heading.default\">\n\t\t\t\t<div class=\"elementor-widget-container\">\n\t\t\t\t\t<h2 class=\"elementor-heading-title elementor-size-default\">SIZE &amp; FIT<\/h2>\t\t\t\t<\/div>\n\t\t\t\t<\/div>\n\t\t\t\t<div class=\"elementor-element elementor-element-d11ee5a elementor-widget-divider--view-line elementor-widget elementor-widget-divider\" data-id=\"d11ee5a\" data-element_type=\"widget\" data-e-type=\"widget\" data-widget_type=\"divider.default\">\n\t\t\t\t<div class=\"elementor-widget-container\">\n\t\t\t\t\t\t\t<div class=\"elementor-divider\">\n\t\t\t<span class=\"elementor-divider-separator\">\n\t\t\t\t\t\t<\/span>\n\t\t<\/div>\n\t\t\t\t\t\t<\/div>\n\t\t\t\t<\/div>\n\t\t\t\t<div class=\"elementor-element elementor-element-2095c9a elementor-icon-list--layout-traditional elementor-list-item-link-full_width elementor-widget elementor-widget-icon-list\" data-id=\"2095c9a\" data-element_type=\"widget\" data-e-type=\"widget\" data-widget_type=\"icon-list.default\">\n\t\t\t\t<div class=\"elementor-widget-container\">\n\t\t\t\t\t\t\t<ul class=\"elementor-icon-list-items\">\n\t\t\t\t\t\t\t<li class=\"elementor-icon-list-item\">\n\t\t\t\t\t\t\t\t\t\t<span class=\"elementor-icon-list-text\">Modelli pikkus: 92cm<\/span>\n\t\t\t\t\t\t\t\t\t<\/li>\n\t\t\t\t\t\t\t\t<li class=\"elementor-icon-list-item\">\n\t\t\t\t\t\t\t\t\t\t<span class=\"elementor-icon-list-text\">Modell kannab suurust: 86\/92<\/span>\n\t\t\t\t\t\t\t\t\t<\/li>\n\t\t\t\t\t\t<\/ul>\n\t\t\t\t\t\t<\/div>\n\t\t\t\t<\/div>\n\t\t\t\t\t<\/div>\n\t\t<\/div>\n\t\t\t\t<div class=\"elementor-column elementor-col-33 elementor-top-column elementor-element elementor-element-dcb8ef2\" data-id=\"dcb8ef2\" data-element_type=\"column\" data-e-type=\"column\">\n\t\t\t<div class=\"elementor-widget-wrap elementor-element-populated\">\n\t\t\t\t\t\t<div class=\"elementor-element elementor-element-838fa93 elementor-widget elementor-widget-heading\" data-id=\"838fa93\" data-element_type=\"widget\" data-e-type=\"widget\" data-widget_type=\"heading.default\">\n\t\t\t\t<div class=\"elementor-widget-container\">\n\t\t\t\t\t<h2 class=\"elementor-heading-title elementor-size-default\">ABOUT ME<\/h2>\t\t\t\t<\/div>\n\t\t\t\t<\/div>\n\t\t\t\t<div class=\"elementor-element elementor-element-3fc3920 elementor-widget-divider--view-line elementor-widget elementor-widget-divider\" data-id=\"3fc3920\" data-element_type=\"widget\" data-e-type=\"widget\" data-widget_type=\"divider.default\">\n\t\t\t\t<div class=\"elementor-widget-container\">\n\t\t\t\t\t\t\t<div class=\"elementor-divider\">\n\t\t\t<span class=\"elementor-divider-separator\">\n\t\t\t\t\t\t<\/span>\n\t\t<\/div>\n\t\t\t\t\t\t<\/div>\n\t\t\t\t<\/div>\n\t\t\t\t<div class=\"elementor-element elementor-element-5d11311 elementor-icon-list--layout-traditional elementor-list-item-link-full_width elementor-widget elementor-widget-icon-list\" data-id=\"5d11311\" data-element_type=\"widget\" data-e-type=\"widget\" data-widget_type=\"icon-list.default\">\n\t\t\t\t<div class=\"elementor-widget-container\">\n\t\t\t\t\t\t\t<ul class=\"elementor-icon-list-items\">\n\t\t\t\t\t\t\t<li class=\"elementor-icon-list-item\">\n\t\t\t\t\t\t\t\t\t\t<span class=\"elementor-icon-list-text\">Timeless and elegant design<\/span>\n\t\t\t\t\t\t\t\t\t<\/li>\n\t\t\t\t\t\t\t\t<li class=\"elementor-icon-list-item\">\n\t\t\t\t\t\t\t\t\t\t<span class=\"elementor-icon-list-text\">Neutral tones<\/span>\n\t\t\t\t\t\t\t\t\t<\/li>\n\t\t\t\t\t\t\t\t<li class=\"elementor-icon-list-item\">\n\t\t\t\t\t\t\t\t\t\t<span class=\"elementor-icon-list-text\">Matchivad naistekleitidega<\/span>\n\t\t\t\t\t\t\t\t\t<\/li>\n\t\t\t\t\t\t<\/ul>\n\t\t\t\t\t\t<\/div>\n\t\t\t\t<\/div>\n\t\t\t\t\t<\/div>\n\t\t<\/div>\n\t\t\t\t\t<\/div>\n\t\t<\/section>\n\t\t<div class=\"elementor-element elementor-element-5ecc3f7 e-flex e-con-boxed e-con e-parent\" data-id=\"5ecc3f7\" data-element_type=\"container\" data-e-type=\"container\">\n\t\t\t\t\t<div class=\"e-con-inner\">\n\t\t\t\t\t<\/div>\n\t\t\t\t<\/div>\n\t\t<div class=\"elementor-element elementor-element-5b3b9b8 e-flex e-con-boxed e-con e-parent\" data-id=\"5b3b9b8\" data-element_type=\"container\" data-e-type=\"container\">\n\t\t\t\t\t<div class=\"e-con-inner\">\n\t\t\t\t\t<\/div>\n\t\t\t\t<\/div>\n\t\t<div class=\"elementor-element elementor-element-0b57cdc e-flex e-con-boxed e-con e-parent\" data-id=\"0b57cdc\" data-element_type=\"container\" data-e-type=\"container\">\n\t\t\t\t\t<div class=\"e-con-inner\">\n\t\t\t\t\t<\/div>\n\t\t\t\t<\/div>\n\t\t<div class=\"elementor-element elementor-element-d26e64a e-flex e-con-boxed e-con e-parent\" data-id=\"d26e64a\" data-element_type=\"container\" data-e-type=\"container\">\n\t\t\t\t\t<div class=\"e-con-inner\">\n\t\t\t\t\t<\/div>\n\t\t\t\t<\/div>\n\t\t<div class=\"elementor-element elementor-element-66ed022 e-flex e-con-boxed e-con e-parent\" data-id=\"66ed022\" data-element_type=\"container\" data-e-type=\"container\">\n\t\t\t\t\t<div class=\"e-con-inner\">\n\t\t\t\t\t<\/div>\n\t\t\t\t<\/div>\n\t\t<div class=\"elementor-element elementor-element-00c32b8 e-grid e-con-boxed e-con e-parent\" data-id=\"00c32b8\" data-element_type=\"container\" data-e-type=\"container\">\n\t\t\t\t\t<div class=\"e-con-inner\">\n\t\t\t\t\t<\/div>\n\t\t\t\t<\/div>\n\t\t<div class=\"elementor-element elementor-element-5749666 e-flex e-con-boxed e-con e-parent\" data-id=\"5749666\" data-element_type=\"container\" data-e-type=\"container\">\n\t\t\t\t\t<div class=\"e-con-inner\">\n\t\t\t\t\t<\/div>\n\t\t\t\t<\/div>\n\t\t<div class=\"elementor-element elementor-element-01915a6 e-flex e-con-boxed e-con e-parent\" data-id=\"01915a6\" data-element_type=\"container\" data-e-type=\"container\">\n\t\t\t\t\t<div class=\"e-con-inner\">\n\t\t\t\t\t<\/div>\n\t\t\t\t<\/div>\n\t\t\t\t<\/div>","protected":false},"excerpt":{"rendered":"<p>Sunday linane kleit on mugav, m\u00e4nguline ja kaunilt lendlev. Valmistatud 100% kivipestud linasest kangast, mis on \u00f5rn lapse naha vastas ja sobib ideaalselt soojadeks ilmadeks.<\/p>\n<p>Naiste kleidist inspireeritud mudelile on lisatud lapselikku m\u00e4ngulisust \u00f5lavolangi ja v\u00e4ikeste detailidega. Kleidi l\u00f5ige on piisavalt avar, et v\u00f5imaldada vabalt liikuda, joosta ja keerutada. Ideaalne pikkus ja mugav istuvus teevad sellest kleidist suvise lemmiku.<\/p>\n<p>Matchib kaunilt naiste Sunday kleidiga, luues imelise Mommy and Me hetke, kuid s\u00e4rab t\u00e4iuslikult ka iseseisvalt. Siin link <a href=\"https:\/\/teddystudio.ee\/en\/product\/mommy-and-me-linased-kleidid-heleroosa\/\">Mommy and Me komplektile<\/a>.<\/p>\n<p><strong>Toode on hetkel \u00f5mblemises ning eeldatav saabumine lattu juunikuu alguses. Lisa juba julgelt soovitud suurusele teavitus peale.<\/strong><\/p>","protected":false},"featured_media":16626,"template":"","meta":[],"etheme_brands":[],"product_brand":[],"product_cat":[67,63,83],"product_tag":[],"class_list":{"0":"post-17782","1":"product","2":"type-product","3":"status-publish","4":"has-post-thumbnail","6":"product_cat-kleidid-lastele","7":"product_cat-lastele","8":"product_cat-suvi-2026","9":"product_shipping_class-s","11":"first","12":"outofstock","13":"taxable","14":"shipping-taxable","15":"purchasable","16":"product-type-variable"},"bundled_by":["17820"],"bundle_stock_status":"outofstock","bundle_stock_quantity":0,"bundle_virtual":false,"bundle_layout":"","bundle_add_to_cart_form_location":"","bundle_editable_in_cart":false,"bundle_sold_individually_context":"","bundle_item_grouping":"","bundle_min_size":"","bundle_max_size":"","bundle_price":[],"bundled_items":[],"bundle_sell_ids":[],"_links":{"self":[{"href":"https:\/\/teddystudio.ee\/en\/wp-json\/wp\/v2\/product\/17782","targetHints":{"allow":["GET"]}}],"collection":[{"href":"https:\/\/teddystudio.ee\/en\/wp-json\/wp\/v2\/product"}],"about":[{"href":"https:\/\/teddystudio.ee\/en\/wp-json\/wp\/v2\/types\/product"}],"version-history":[{"count":5,"href":"https:\/\/teddystudio.ee\/en\/wp-json\/wp\/v2\/product\/17782\/revisions"}],"predecessor-version":[{"id":17969,"href":"https:\/\/teddystudio.ee\/en\/wp-json\/wp\/v2\/product\/17782\/revisions\/17969"}],"wp:featuredmedia":[{"embeddable":true,"href":"https:\/\/teddystudio.ee\/en\/wp-json\/wp\/v2\/media\/16626"}],"wp:attachment":[{"href":"https:\/\/teddystudio.ee\/en\/wp-json\/wp\/v2\/media?parent=17782"}],"wp:term":[{"taxonomy":"brand","embeddable":true,"href":"https:\/\/teddystudio.ee\/en\/wp-json\/wp\/v2\/etheme_brands?post=17782"},{"taxonomy":"product_brand","embeddable":true,"href":"https:\/\/teddystudio.ee\/en\/wp-json\/wp\/v2\/product_brand?post=17782"},{"taxonomy":"product_cat","embeddable":true,"href":"https:\/\/teddystudio.ee\/en\/wp-json\/wp\/v2\/product_cat?post=17782"},{"taxonomy":"product_tag","embeddable":true,"href":"https:\/\/teddystudio.ee\/en\/wp-json\/wp\/v2\/product_tag?post=17782"}],"curies":[{"name":"wp","href":"https:\/\/api.w.org\/{rel}","templated":true}]}}