{"id":33,"date":"2021-12-04T09:58:52","date_gmt":"2021-12-04T09:58:52","guid":{"rendered":"https:\/\/xstore.8theme.com\/elementor\/demos\/minimal-fashion03\/?page_id=33"},"modified":"2025-08-24T06:15:39","modified_gmt":"2025-08-24T06:15:39","slug":"meie-lugu","status":"publish","type":"page","link":"https:\/\/teddystudio.ee\/en\/meie-lugu\/","title":{"rendered":"Meie lugu"},"content":{"rendered":"<div data-elementor-type=\"wp-page\" data-elementor-id=\"33\" class=\"elementor elementor-33\" data-elementor-post-type=\"page\">\n\t\t\t\t\t\t<section class=\"elementor-section elementor-top-section elementor-element elementor-element-1e7d817 elementor-section-boxed elementor-section-height-default elementor-section-height-default elementor-invisible\" data-id=\"1e7d817\" data-element_type=\"section\" data-e-type=\"section\" data-settings=\"{&quot;animation&quot;:&quot;fadeIn&quot;}\">\n\t\t\t\t\t\t<div class=\"elementor-container elementor-column-gap-no\">\n\t\t\t\t\t<div class=\"elementor-column elementor-col-100 elementor-top-column elementor-element elementor-element-390ef48\" data-id=\"390ef48\" data-element_type=\"column\" data-e-type=\"column\">\n\t\t\t<div class=\"elementor-widget-wrap elementor-element-populated\">\n\t\t\t\t\t\t<div class=\"elementor-element elementor-element-d09e6cd elementor-widget elementor-widget-heading\" data-id=\"d09e6cd\" data-element_type=\"widget\" data-e-type=\"widget\" data-widget_type=\"heading.default\">\n\t\t\t\t<div class=\"elementor-widget-container\">\n\t\t\t\t\t<h3 class=\"elementor-heading-title elementor-size-default\">Our Story<\/h3>\t\t\t\t<\/div>\n\t\t\t\t<\/div>\n\t\t\t\t<div class=\"elementor-element elementor-element-6a01f1c elementor-widget-divider--view-line elementor-widget elementor-widget-divider\" data-id=\"6a01f1c\" data-element_type=\"widget\" data-e-type=\"widget\" data-widget_type=\"divider.default\">\n\t\t\t\t<div class=\"elementor-widget-container\">\n\t\t\t\t\t\t\t<div class=\"elementor-divider\">\n\t\t\t<span class=\"elementor-divider-separator\">\n\t\t\t\t\t\t<\/span>\n\t\t<\/div>\n\t\t\t\t\t\t<\/div>\n\t\t\t\t<\/div>\n\t\t\t\t<div class=\"elementor-element elementor-element-6c9aa0c elementor-widget elementor-widget-text-editor\" data-id=\"6c9aa0c\" data-element_type=\"widget\" data-e-type=\"widget\" data-widget_type=\"text-editor.default\">\n\t\t\t\t<div class=\"elementor-widget-container\">\n\t\t\t\t\t\t\t\t\t<p>THE BEGINNING OF THE STORY<\/p>\n<p>Teddystudio is a family-owned business founded in the spring of 2024. The idea was born from a personal need that arose after the birth of a child: a desire for comfortable, relaxed-fit clothing suitable for wearing both at home and beyond. Equal importance was placed on fabric quality, fit, and breathability, ensuring that each garment withstands washing, requires minimal care, and fits well without the need for constant adjustment.\nIn designing our clothing, we have focused on a minimalist and timeless aesthetic that can be worn year-round and remains relevant beyond ever-changing trends.<\/p>\n<p>THE ORIGIN OF THE BRAND NAME<\/p>\n<p>When creating the Teddystudio brand, the key words that stood out were \u201ccomfort,\u201d \u201ccoziness,\u201d and \u201ca sense of being held.\u201d This inspired the image of the brand as a soft, cuddly teddy bear that gently embraces the body and offers a feeling of warmth and care. A teddy bear \u2013 Teddy in English \u2013 <em>Teddy<\/em> perfectly embodied these qualities and became the natural choice for the brand name.<\/p>\t\t\t\t\t\t\t\t<\/div>\n\t\t\t\t<\/div>\n\t\t\t\t<section class=\"elementor-section elementor-inner-section elementor-element elementor-element-41b855b elementor-section-boxed elementor-section-height-default elementor-section-height-default\" data-id=\"41b855b\" data-element_type=\"section\" data-e-type=\"section\">\n\t\t\t\t\t\t<div class=\"elementor-container elementor-column-gap-no\">\n\t\t\t\t\t<div class=\"elementor-column elementor-col-50 elementor-inner-column elementor-element elementor-element-c6b05cf\" data-id=\"c6b05cf\" data-element_type=\"column\" data-e-type=\"column\">\n\t\t\t<div class=\"elementor-widget-wrap elementor-element-populated\">\n\t\t\t\t\t\t<div class=\"elementor-element elementor-element-4fdbd2a elementor-widget elementor-widget-text-editor\" data-id=\"4fdbd2a\" data-element_type=\"widget\" data-e-type=\"widget\" data-widget_type=\"text-editor.default\">\n\t\t\t\t<div class=\"elementor-widget-container\">\n\t\t\t\t\t\t\t\t\t<p>VALUES<\/p><p>Placing great importance on fair trade and sustainability in our lifestyle and consumption habits, we have sourced the materials for Teddystudio products with these values in mind. The fabrics used in Teddystudio garments come from carefully selected partners, and all of our clothing is sewn in Estonia.\u00a0<\/p>\t\t\t\t\t\t\t\t<\/div>\n\t\t\t\t<\/div>\n\t\t\t\t\t<\/div>\n\t\t<\/div>\n\t\t\t\t<div class=\"elementor-column elementor-col-50 elementor-inner-column elementor-element elementor-element-96ab982\" data-id=\"96ab982\" data-element_type=\"column\" data-e-type=\"column\">\n\t\t\t<div class=\"elementor-widget-wrap elementor-element-populated\">\n\t\t\t\t\t\t<div class=\"elementor-element elementor-element-620fab7 elementor-widget elementor-widget-text-editor\" data-id=\"620fab7\" data-element_type=\"widget\" data-e-type=\"widget\" data-widget_type=\"text-editor.default\">\n\t\t\t\t<div class=\"elementor-widget-container\">\n\t\t\t\t\t\t\t\t\t<p>MATERIAL SELECTION<\/p><p>The fabrics used in our products are carefully selected to ensure durability over time. A high-quality, long-lasting garment brings lasting joy to the wearer while minimizing unnecessary strain on the environment. The fabrics used in our products are OEKO-TEX\u00ae certified, safe and free from harmful chemicals.<\/p>\t\t\t\t\t\t\t\t<\/div>\n\t\t\t\t<\/div>\n\t\t\t\t\t<\/div>\n\t\t<\/div>\n\t\t\t\t\t<\/div>\n\t\t<\/section>\n\t\t\t\t\t<\/div>\n\t\t<\/div>\n\t\t\t\t\t<\/div>\n\t\t<\/section>\n\t\t\t\t<section class=\"elementor-section elementor-top-section elementor-element elementor-element-5851984 elementor-section-full_width elementor-section-stretched elementor-section-height-default elementor-section-height-default\" data-id=\"5851984\" data-element_type=\"section\" data-e-type=\"section\" data-settings=\"{&quot;stretch_section&quot;:&quot;section-stretched&quot;,&quot;background_background&quot;:&quot;classic&quot;}\">\n\t\t\t\t\t\t<div class=\"elementor-container elementor-column-gap-no\">\n\t\t\t\t\t<div class=\"elementor-column elementor-col-100 elementor-top-column elementor-element elementor-element-44dad99\" data-id=\"44dad99\" data-element_type=\"column\" data-e-type=\"column\" data-settings=\"{&quot;background_background&quot;:&quot;classic&quot;}\">\n\t\t\t<div class=\"elementor-widget-wrap elementor-element-populated\">\n\t\t\t\t\t\t<section class=\"elementor-section elementor-inner-section elementor-element elementor-element-b5a586f elementor-section-content-middle elementor-section-boxed elementor-section-height-default elementor-section-height-default\" data-id=\"b5a586f\" data-element_type=\"section\" data-e-type=\"section\">\n\t\t\t\t\t\t<div class=\"elementor-container elementor-column-gap-default\">\n\t\t\t\t\t<div class=\"elementor-column elementor-col-33 elementor-inner-column elementor-element elementor-element-4e1da2a elementor-hidden-tablet elementor-hidden-mobile\" data-id=\"4e1da2a\" data-element_type=\"column\" data-e-type=\"column\">\n\t\t\t<div class=\"elementor-widget-wrap elementor-element-populated\">\n\t\t\t\t\t\t<div class=\"elementor-element elementor-element-6887e79 elementor-widget__width-initial elementor-absolute etheme-parallax-scroll_effects elementor-widget elementor-widget-image\" data-id=\"6887e79\" data-element_type=\"widget\" data-e-type=\"widget\" data-settings=\"{&quot;_position&quot;:&quot;absolute&quot;,&quot;etheme_parallax&quot;:&quot;yes&quot;,&quot;etheme_parallax_scroll_x&quot;:&quot;80&quot;,&quot;etheme_parallax_type&quot;:&quot;scroll_effects&quot;,&quot;etheme_parallax_scroll_scale&quot;:{&quot;unit&quot;:&quot;px&quot;,&quot;size&quot;:1,&quot;sizes&quot;:[]},&quot;etheme_parallax_scroll_z&quot;:0,&quot;etheme_parallax_scroll_rotate&quot;:{&quot;unit&quot;:&quot;px&quot;,&quot;size&quot;:0,&quot;sizes&quot;:[]},&quot;etheme_parallax_scroll_perspective&quot;:{&quot;unit&quot;:&quot;px&quot;,&quot;size&quot;:800,&quot;sizes&quot;:[]},&quot;etheme_parallax_scroll_smoothness&quot;:{&quot;unit&quot;:&quot;px&quot;,&quot;size&quot;:30,&quot;sizes&quot;:[]}}\" data-widget_type=\"image.default\">\n\t\t\t\t<div class=\"elementor-widget-container\">\n\t\t\t\t\t\t\t\t\t\t\t\t\t\t\t<img loading=\"lazy\" decoding=\"async\" width=\"1707\" height=\"2560\" src=\"https:\/\/teddystudio.ee\/wp-content\/uploads\/2024\/12\/Pilt-122-scaled.jpg\" class=\"attachment-full size-full wp-image-2698\" alt=\"Meist\" srcset=\"https:\/\/teddystudio.ee\/wp-content\/uploads\/2024\/12\/Pilt-122-scaled.jpg 1707w, https:\/\/teddystudio.ee\/wp-content\/uploads\/2024\/12\/Pilt-122-scaled-600x900.jpg 600w, https:\/\/teddystudio.ee\/wp-content\/uploads\/2024\/12\/Pilt-122-200x300.jpg 200w, https:\/\/teddystudio.ee\/wp-content\/uploads\/2024\/12\/Pilt-122-683x1024.jpg 683w, https:\/\/teddystudio.ee\/wp-content\/uploads\/2024\/12\/Pilt-122-768x1152.jpg 768w, https:\/\/teddystudio.ee\/wp-content\/uploads\/2024\/12\/Pilt-122-1024x1536.jpg 1024w, https:\/\/teddystudio.ee\/wp-content\/uploads\/2024\/12\/Pilt-122-1365x2048.jpg 1365w, https:\/\/teddystudio.ee\/wp-content\/uploads\/2024\/12\/Pilt-122-8x12.jpg 8w, https:\/\/teddystudio.ee\/wp-content\/uploads\/2024\/12\/Pilt-122-3x4.jpg 3w, https:\/\/teddystudio.ee\/wp-content\/uploads\/2024\/12\/Pilt-122-7x10.jpg 7w\" sizes=\"auto, (max-width: 1707px) 100vw, 1707px\" \/>\t\t\t\t\t\t\t\t\t\t\t\t\t\t\t<\/div>\n\t\t\t\t<\/div>\n\t\t\t\t\t<\/div>\n\t\t<\/div>\n\t\t\t\t<div class=\"elementor-column elementor-col-33 elementor-inner-column elementor-element elementor-element-aff6342\" data-id=\"aff6342\" data-element_type=\"column\" data-e-type=\"column\">\n\t\t\t<div class=\"elementor-widget-wrap elementor-element-populated\">\n\t\t\t\t\t\t<div class=\"elementor-element elementor-element-00e7116 elementor-widget elementor-widget-heading\" data-id=\"00e7116\" data-element_type=\"widget\" data-e-type=\"widget\" data-widget_type=\"heading.default\">\n\t\t\t\t<div class=\"elementor-widget-container\">\n\t\t\t\t\t<h2 class=\"elementor-heading-title elementor-size-default\">Our company<\/h2>\t\t\t\t<\/div>\n\t\t\t\t<\/div>\n\t\t\t\t<div class=\"elementor-element elementor-element-6231106 elementor-widget elementor-widget-heading\" data-id=\"6231106\" data-element_type=\"widget\" data-e-type=\"widget\" data-widget_type=\"heading.default\">\n\t\t\t\t<div class=\"elementor-widget-container\">\n\t\t\t\t\t<h2 class=\"elementor-heading-title elementor-size-default\">DOES NOT USE PLASTIC<\/h2>\t\t\t\t<\/div>\n\t\t\t\t<\/div>\n\t\t\t\t<div class=\"elementor-element elementor-element-af210c0 elementor-widget-divider--view-line elementor-widget elementor-widget-divider\" data-id=\"af210c0\" data-element_type=\"widget\" data-e-type=\"widget\" data-widget_type=\"divider.default\">\n\t\t\t\t<div class=\"elementor-widget-container\">\n\t\t\t\t\t\t\t<div class=\"elementor-divider\">\n\t\t\t<span class=\"elementor-divider-separator\">\n\t\t\t\t\t\t<\/span>\n\t\t<\/div>\n\t\t\t\t\t\t<\/div>\n\t\t\t\t<\/div>\n\t\t\t\t<div class=\"elementor-element elementor-element-2de23a3 elementor-widget elementor-widget-text-editor\" data-id=\"2de23a3\" data-element_type=\"widget\" data-e-type=\"widget\" data-widget_type=\"text-editor.default\">\n\t\t\t\t<div class=\"elementor-widget-container\">\n\t\t\t\t\t\t\t\t\t<p class=\"translation-block\">We use only the highest quality materials to make our products. \nAll products are designed and manufactured in Estonia.<\/p>\t\t\t\t\t\t\t\t<\/div>\n\t\t\t\t<\/div>\n\t\t\t\t\t<\/div>\n\t\t<\/div>\n\t\t\t\t<div class=\"elementor-column elementor-col-33 elementor-inner-column elementor-element elementor-element-85b610f elementor-hidden-tablet elementor-hidden-mobile\" data-id=\"85b610f\" data-element_type=\"column\" data-e-type=\"column\">\n\t\t\t<div class=\"elementor-widget-wrap elementor-element-populated\">\n\t\t\t\t\t\t<div class=\"elementor-element elementor-element-3121c74 elementor-widget__width-initial elementor-absolute etheme-parallax-scroll_effects elementor-widget elementor-widget-image\" data-id=\"3121c74\" data-element_type=\"widget\" data-e-type=\"widget\" data-settings=\"{&quot;_position&quot;:&quot;absolute&quot;,&quot;etheme_parallax&quot;:&quot;yes&quot;,&quot;etheme_parallax_scroll_x&quot;:&quot;-80&quot;,&quot;etheme_parallax_type&quot;:&quot;scroll_effects&quot;,&quot;etheme_parallax_scroll_scale&quot;:{&quot;unit&quot;:&quot;px&quot;,&quot;size&quot;:1,&quot;sizes&quot;:[]},&quot;etheme_parallax_scroll_z&quot;:0,&quot;etheme_parallax_scroll_rotate&quot;:{&quot;unit&quot;:&quot;px&quot;,&quot;size&quot;:0,&quot;sizes&quot;:[]},&quot;etheme_parallax_scroll_perspective&quot;:{&quot;unit&quot;:&quot;px&quot;,&quot;size&quot;:800,&quot;sizes&quot;:[]},&quot;etheme_parallax_scroll_smoothness&quot;:{&quot;unit&quot;:&quot;px&quot;,&quot;size&quot;:30,&quot;sizes&quot;:[]}}\" data-widget_type=\"image.default\">\n\t\t\t\t<div class=\"elementor-widget-container\">\n\t\t\t\t\t\t\t\t\t\t\t\t\t\t\t<img loading=\"lazy\" decoding=\"async\" width=\"1707\" height=\"2560\" src=\"https:\/\/teddystudio.ee\/wp-content\/uploads\/2024\/12\/Pilt-135-scaled.jpg\" class=\"attachment-full size-full wp-image-2699\" alt=\"Meist\" srcset=\"https:\/\/teddystudio.ee\/wp-content\/uploads\/2024\/12\/Pilt-135-scaled.jpg 1707w, https:\/\/teddystudio.ee\/wp-content\/uploads\/2024\/12\/Pilt-135-scaled-600x900.jpg 600w, https:\/\/teddystudio.ee\/wp-content\/uploads\/2024\/12\/Pilt-135-200x300.jpg 200w, https:\/\/teddystudio.ee\/wp-content\/uploads\/2024\/12\/Pilt-135-683x1024.jpg 683w, https:\/\/teddystudio.ee\/wp-content\/uploads\/2024\/12\/Pilt-135-768x1152.jpg 768w, https:\/\/teddystudio.ee\/wp-content\/uploads\/2024\/12\/Pilt-135-1024x1536.jpg 1024w, https:\/\/teddystudio.ee\/wp-content\/uploads\/2024\/12\/Pilt-135-1365x2048.jpg 1365w, https:\/\/teddystudio.ee\/wp-content\/uploads\/2024\/12\/Pilt-135-8x12.jpg 8w, https:\/\/teddystudio.ee\/wp-content\/uploads\/2024\/12\/Pilt-135-3x4.jpg 3w, https:\/\/teddystudio.ee\/wp-content\/uploads\/2024\/12\/Pilt-135-7x10.jpg 7w\" sizes=\"auto, (max-width: 1707px) 100vw, 1707px\" \/>\t\t\t\t\t\t\t\t\t\t\t\t\t\t\t<\/div>\n\t\t\t\t<\/div>\n\t\t\t\t\t<\/div>\n\t\t<\/div>\n\t\t\t\t\t<\/div>\n\t\t<\/section>\n\t\t\t\t\t<\/div>\n\t\t<\/div>\n\t\t\t\t\t<\/div>\n\t\t<\/section>\n\t\t<div class=\"elementor-element elementor-element-c815170 e-grid e-con-full e-con e-parent\" data-id=\"c815170\" data-element_type=\"container\" data-e-type=\"container\">\n\t\t\t\t<div class=\"elementor-element elementor-element-b292aec elementor-position-left elementor-vertical-align-middle elementor-widget elementor-widget-image-box\" data-id=\"b292aec\" data-element_type=\"widget\" data-e-type=\"widget\" data-widget_type=\"image-box.default\">\n\t\t\t\t<div class=\"elementor-widget-container\">\n\t\t\t\t\t<div class=\"elementor-image-box-wrapper\"><figure class=\"elementor-image-box-img\"><img loading=\"lazy\" decoding=\"async\" width=\"48\" height=\"52\" src=\"https:\/\/teddystudio.ee\/wp-content\/uploads\/2021\/12\/Icon-1-1.png\" class=\"attachment-full size-full wp-image-894\" alt=\"\" \/><\/figure><div class=\"elementor-image-box-content\"><h3 class=\"elementor-image-box-title\">Eco friendly packaging<\/h3><p class=\"elementor-image-box-description\">Avoiding plastic waste<\/p><\/div><\/div>\t\t\t\t<\/div>\n\t\t\t\t<\/div>\n\t\t\t\t<div class=\"elementor-element elementor-element-2f09443 elementor-position-left elementor-vertical-align-middle elementor-widget elementor-widget-image-box\" data-id=\"2f09443\" data-element_type=\"widget\" data-e-type=\"widget\" data-widget_type=\"image-box.default\">\n\t\t\t\t<div class=\"elementor-widget-container\">\n\t\t\t\t\t<div class=\"elementor-image-box-wrapper\"><figure class=\"elementor-image-box-img\"><img loading=\"lazy\" decoding=\"async\" width=\"72\" height=\"46\" src=\"https:\/\/teddystudio.ee\/wp-content\/uploads\/2021\/12\/Icon-2-1.png\" class=\"attachment-full size-full wp-image-895\" alt=\"\" \/><\/figure><div class=\"elementor-image-box-content\"><h3 class=\"elementor-image-box-title\">100% Fair Trade<\/h3><p class=\"elementor-image-box-description\">Designed and produced in Estonia<\/p><\/div><\/div>\t\t\t\t<\/div>\n\t\t\t\t<\/div>\n\t\t\t\t<div class=\"elementor-element elementor-element-a143cf7 elementor-position-left elementor-vertical-align-middle elementor-widget elementor-widget-image-box\" data-id=\"a143cf7\" data-element_type=\"widget\" data-e-type=\"widget\" data-widget_type=\"image-box.default\">\n\t\t\t\t<div class=\"elementor-widget-container\">\n\t\t\t\t\t<div class=\"elementor-image-box-wrapper\"><figure class=\"elementor-image-box-img\"><img loading=\"lazy\" decoding=\"async\" width=\"50\" height=\"51\" src=\"https:\/\/teddystudio.ee\/wp-content\/uploads\/2021\/12\/Icon-3-1.png\" class=\"attachment-full size-full wp-image-896\" alt=\"\" \/><\/figure><div class=\"elementor-image-box-content\"><h3 class=\"elementor-image-box-title\">Vegan<\/h3><p class=\"elementor-image-box-description\">Cruelty-free materials<\/p><\/div><\/div>\t\t\t\t<\/div>\n\t\t\t\t<\/div>\n\t\t\t\t<\/div>\n\t\t\t\t<\/div>","protected":false},"excerpt":{"rendered":"<p>MEIE LUGU LOO ALGUS Teddystudio on 2024. aasta kevadel alguse saanud pereettev\u00f5te, mille idee sai alguse isiklikust vajadusest peale lapse s\u00fcndi m\u00f5nusa ja vaba l\u00f5ikega&#8230;<\/p>","protected":false},"author":1,"featured_media":0,"parent":0,"menu_order":0,"comment_status":"closed","ping_status":"closed","template":"","meta":{"footnotes":""},"class_list":["post-33","page","type-page","status-publish","hentry"],"_links":{"self":[{"href":"https:\/\/teddystudio.ee\/en\/wp-json\/wp\/v2\/pages\/33","targetHints":{"allow":["GET"]}}],"collection":[{"href":"https:\/\/teddystudio.ee\/en\/wp-json\/wp\/v2\/pages"}],"about":[{"href":"https:\/\/teddystudio.ee\/en\/wp-json\/wp\/v2\/types\/page"}],"author":[{"embeddable":true,"href":"https:\/\/teddystudio.ee\/en\/wp-json\/wp\/v2\/users\/1"}],"replies":[{"embeddable":true,"href":"https:\/\/teddystudio.ee\/en\/wp-json\/wp\/v2\/comments?post=33"}],"version-history":[{"count":4,"href":"https:\/\/teddystudio.ee\/en\/wp-json\/wp\/v2\/pages\/33\/revisions"}],"predecessor-version":[{"id":8588,"href":"https:\/\/teddystudio.ee\/en\/wp-json\/wp\/v2\/pages\/33\/revisions\/8588"}],"wp:attachment":[{"href":"https:\/\/teddystudio.ee\/en\/wp-json\/wp\/v2\/media?parent=33"}],"curies":[{"name":"wp","href":"https:\/\/api.w.org\/{rel}","templated":true}]}}